{"id":12,"date":"2016-07-13T07:26:24","date_gmt":"2016-07-13T05:26:24","guid":{"rendered":"http:\/\/pruebas-1.pntic.mec.es\/multiblog\/alboran\/?page_id=11"},"modified":"2025-01-21T13:45:56","modified_gmt":"2025-01-21T12:45:56","slug":"bienvenida","status":"publish","type":"page","link":"https:\/\/blog.intef.es\/alboran\/","title":{"rendered":"Bienvenido al blog de Albor\u00e1n"},"content":{"rendered":"<p><span style=\"color: #ff0000;\">Utiliza las opciones de la barra del men\u00fa, o la entrada para<\/span><span style=\"color: #ff0000;\">\u00a0<strong>BUSCAR<\/strong>\u00a0disponible en el panel lateral, para seleccionar contenidos. Utiliza principalmente palabras, no frases. Ejemplos: admisi\u00f3n, matr\u00edcula, faltas, promoci\u00f3n, traslado, horario, &#8230;<\/span><\/p>\n<h2><span style=\"color: #339966;\"><strong>IMPORTANTE: Desde septiembre de 2024 la gesti\u00f3n educativa y acad\u00e9mica de los centros de infantil y primaria (CEIP) se realiza con la aplicaci\u00f3n <span style=\"color: #339966;\"><a style=\"color: #339966;\" href=\"https:\/\/fenicia.educacion.gob.es\/cas\/login\" target=\"_blank\" rel=\"noopener\">FENICIA<\/a><\/span>, por lo que estos centros deber\u00e1n seguir las instrucciones y documentaci\u00f3n de ayuda facilitada por los responsables de esa aplicaci\u00f3n.<\/strong><\/span><br \/>\n<img loading=\"lazy\" decoding=\"async\" class=\"alignleft wp-image-559 size-thumbnail\" src=\"https:\/\/blog.intef.es\/alboran\/wp-content\/uploads\/2018\/02\/admisi\u00f3n-150x150.jpg\" alt=\"\" width=\"150\" height=\"150\" \/><\/h2>\n<h2><\/h2>\n<ul>\n<li>\n<h2><strong><span style=\"color: #3366ff;\"><a style=\"color: #3366ff;\" href=\"https:\/\/blog.intef.es\/alboran\/2020\/07\/26\/nuevo-curso-escolar-o-ano-escolar-tareas-iniciales\/\" target=\"_blank\" rel=\"noopener\">Tareas preparatorias del nuevo curso escolar 2024\/2025<\/a><\/span><\/strong><\/h2>\n<\/li>\n<li>\n<h2><span style=\"color: #3366ff;\"><a style=\"color: #3366ff;\" href=\"https:\/\/blog.intef.es\/alboran\/2020\/06\/22\/alboran-para-familias-y-alumnado\/\" target=\"_blank\" rel=\"noopener\">Albor\u00e1n para familias y alumnado. Consulta de calificaciones<\/a><\/span><\/h2>\n<\/li>\n<li>\n<h2><span style=\"color: #3366ff;\"><a style=\"color: #3366ff;\" href=\"https:\/\/blog.intef.es\/alboran\/2017\/10\/23\/reiniciar-contrasena\/\">Usuarios de la aplicaci\u00f3n (profesores y personal de administraci\u00f3n): Reiniciar, cambiar u olvido de la contrase\u00f1a de usuarios<\/a><\/span><\/h2>\n<\/li>\n<li>\n<h2><span style=\"color: #3366ff;\"><a style=\"color: #3366ff;\" href=\"https:\/\/blog.intef.es\/alboran\/2023\/09\/11\/profesores-y-personal-de-la-administracion-acceso-a-la-aplicacion\/\">Profesores y personal de la administraci\u00f3n: acceso a la aplicaci\u00f3n, des\/bloqueo de cuenta<\/a><\/span><\/h2>\n<\/li>\n<li>\n<h2><span style=\"color: #3366ff;\"><a style=\"color: #3366ff;\" href=\"https:\/\/blog.intef.es\/alboran\/2020\/09\/29\/ies-organizacion-de-horarios-con-subgrupos\/\" target=\"_blank\" rel=\"noopener\">IES: Organizaci\u00f3n de horarios con subgrupos o desdobles<\/a><\/span><\/h2>\n<\/li>\n<li>\n<h2><strong><span style=\"color: #3366ff;\"><a style=\"color: #3366ff;\" href=\"https:\/\/blog.intef.es\/alboran\/2023\/02\/17\/proceso-de-adscripcion-y-admision-en-centros-sostenidos-con-fondos-publicos-en-ceuta-y-melilla-curso-20242025\/\">Proceso de adscripci\u00f3n y admisi\u00f3n en centros sostenidos con fondos p\u00fablicos en Ceuta y Melilla. Curso 2024\/202<\/a>5<\/span><\/strong><\/h2>\n<\/li>\n<\/ul>\n","protected":false},"excerpt":{"rendered":"<p>Utiliza las opciones de la barra del men\u00fa, o la entrada para\u00a0BUSCAR\u00a0disponible en el panel lateral, para seleccionar contenidos. Utiliza principalmente palabras, no frases. Ejemplos: admisi\u00f3n, matr\u00edcula, faltas, promoci\u00f3n, traslado, horario, &#8230; IMPORTANTE: Desde septiembre de 2024 la gesti\u00f3n educativa&hellip;<\/p>\n<p class=\"more-link-p\"><a class=\"more-link\" target=\"blank\" href=\"https:\/\/blog.intef.es\/alboran\/\">Leer m\u00e1s &rarr;<\/a><\/p>\n","protected":false},"author":6,"featured_media":0,"parent":0,"menu_order":0,"comment_status":"closed","ping_status":"closed","template":"","meta":{"footnotes":""},"_links":{"self":[{"href":"https:\/\/blog.intef.es\/alboran\/wp-json\/wp\/v2\/pages\/12"}],"collection":[{"href":"https:\/\/blog.intef.es\/alboran\/wp-json\/wp\/v2\/pages"}],"about":[{"href":"https:\/\/blog.intef.es\/alboran\/wp-json\/wp\/v2\/types\/page"}],"author":[{"embeddable":true,"href":"https:\/\/blog.intef.es\/alboran\/wp-json\/wp\/v2\/users\/6"}],"replies":[{"embeddable":true,"href":"https:\/\/blog.intef.es\/alboran\/wp-json\/wp\/v2\/comments?post=12"}],"version-history":[{"count":75,"href":"https:\/\/blog.intef.es\/alboran\/wp-json\/wp\/v2\/pages\/12\/revisions"}],"predecessor-version":[{"id":2271,"href":"https:\/\/blog.intef.es\/alboran\/wp-json\/wp\/v2\/pages\/12\/revisions\/2271"}],"wp:attachment":[{"href":"https:\/\/blog.intef.es\/alboran\/wp-json\/wp\/v2\/media?parent=12"}],"curies":[{"name":"wp","href":"https:\/\/api.w.org\/{rel}","templated":true}]}}